{"id":469,"date":"2025-06-12T09:29:38","date_gmt":"2025-06-12T13:29:38","guid":{"rendered":"https:\/\/2e07df4cb6.nxcli.io\/?page_id=469"},"modified":"2025-10-30T03:49:03","modified_gmt":"2025-10-30T07:49:03","slug":"contact-us","status":"publish","type":"page","link":"https:\/\/gviwine.com\/fr\/contact-us\/","title":{"rendered":"Nous contacter"},"content":{"rendered":"<div class=\"wp-block-group alignwide is-layout-constrained wp-container-core-group-is-layout-acc7082a wp-block-group-is-layout-constrained\" style=\"margin-top:40px;margin-bottom:40px;padding-top:0;padding-right:0;padding-bottom:0;padding-left:0\">\n<div class=\"wp-block-columns contact-form-row is-layout-flex wp-container-core-columns-is-layout-3c62ecbf wp-block-columns-is-layout-flex\" style=\"padding-top:80px;padding-right:40px;padding-bottom:80px;padding-left:40px\">\n<div class=\"wp-block-column contact-content is-layout-flow wp-block-column-is-layout-flow\" style=\"flex-basis:35%\">\n<div class=\"wp-block-group is-vertical is-content-justification-left is-layout-flex wp-container-core-group-is-layout-62ee6465 wp-block-group-is-layout-flex\" style=\"margin-top:0px;margin-bottom:0px;padding-top:0px;padding-right:0px;padding-bottom:0px;padding-left:0px\">\n<figure class=\"wp-block-image size-full is-resized\" style=\"margin-top:0px;margin-right:0px;margin-bottom:0px;margin-left:0px\"><a href=\"https:\/\/gviwine.com\/fr\/\"><img loading=\"lazy\" decoding=\"async\" width=\"940\" height=\"337\" src=\"https:\/\/gviwine.com\/wp-content\/uploads\/2025\/10\/global-vintners-inc.avif\" alt=\"\" class=\"wp-image-905\" style=\"width:260px\"\/><\/a><\/figure>\n\n\n\n<div class=\"wp-block-group wow fadeInUp is-vertical is-layout-flex wp-container-core-group-is-layout-fe9cc265 wp-block-group-is-layout-flex\">\n<h2 class=\"wp-block-heading RadikalBold\" style=\"font-size:clamp(30.693px, 1.918rem + ((1vw - 3.2px) * 1.821), 54px);font-style:normal;font-weight:600;text-transform:uppercase\">Nous contacter<\/h2>\n\n\n\n<p class=\"has-text-color has-link-color wp-elements-5f078bd7cff803d7c3ccbd5fc74ee320\" style=\"color:#000000a6;font-size:14px;font-style:normal;font-weight:400;letter-spacing:0px;line-height:1.5\">N'h\u00e9sitez pas \u00e0 nous contacter en utilisant le formulaire de contact ci-dessous ou en nous appelant au num\u00e9ro indiqu\u00e9.<\/p>\n<\/div>\n\n\n\n<div class=\"wp-block-group address-content-row wow fadeInUp is-content-justification-space-between is-nowrap is-layout-flex wp-container-core-group-is-layout-17a54468 wp-block-group-is-layout-flex\" style=\"border-width:1px;border-radius:8px;margin-top:0;margin-bottom:0;padding-top:var(--wp--preset--spacing--30);padding-right:20px;padding-bottom:var(--wp--preset--spacing--30);padding-left:20px\">\n<p class=\"inter has-text-color has-link-color wp-elements-5e27e8c764a0007c503bdaf0d3fbe246 wp-container-content-0733e5d0\" style=\"color:#000000a6;font-size:clamp(14px, 0.875rem + ((1vw - 3.2px) * 0.156), 16px);font-style:normal;font-weight:400;letter-spacing:0px;line-height:1.5\">27 Scott Street West, St. Catharines, Ontario, Canada, L2R 1E1<\/p>\n\n\n\n<div class=\"wp-block-group wp-container-content-0733e5d0 is-vertical is-layout-flex wp-container-core-group-is-layout-131e54b8 wp-block-group-is-layout-flex\" style=\"margin-top:0;margin-bottom:0;padding-top:0;padding-right:0;padding-bottom:0;padding-left:0\">\n<p class=\"inter has-text-color has-link-color wp-elements-26135c9600587c53fbb473cf7fc9a6c3\" style=\"color:#000000a6;font-size:14px;font-style:normal;font-weight:400;letter-spacing:0%;line-height:1.5\"><a href=\"tel:18002634790\">1-800-263-4790<\/a><\/p>\n<\/div>\n<\/div>\n<\/div>\n<\/div>\n\n\n\n<div class=\"wp-block-column contact-form-sec is-layout-flow wp-block-column-is-layout-flow\" style=\"flex-basis:65%\">\n<div class=\"wp-block-group wow fadeInUp is-layout-constrained wp-container-core-group-is-layout-c1b970ac wp-block-group-is-layout-constrained\" style=\"border-width:1px;border-radius:8px;margin-top:0px;margin-bottom:0px;padding-top:40px;padding-right:40px;padding-bottom:40px;padding-left:40px\">\n<div class=\"wp-block-contact-form-7-contact-form-selector custom-form\">\n<div class=\"wpcf7 no-js\" id=\"wpcf7-f471-o1\" lang=\"en-US\" dir=\"ltr\" data-wpcf7-id=\"471\">\n<div class=\"screen-reader-response\"><p role=\"status\" aria-live=\"polite\" aria-atomic=\"true\"><\/p> <ul><\/ul><\/div>\n<form action=\"\/fr\/wp-json\/wp\/v2\/pages\/469#wpcf7-f471-o1\" method=\"post\" class=\"wpcf7-form init\" aria-label=\"Contact form\" novalidate=\"novalidate\" data-status=\"init\" data-trp-original-action=\"\/fr\/wp-json\/wp\/v2\/pages\/469#wpcf7-f471-o1\">\n<fieldset class=\"hidden-fields-container\"><input type=\"hidden\" name=\"_wpcf7\" value=\"471\" \/><input type=\"hidden\" name=\"_wpcf7_version\" value=\"6.1.5\" \/><input type=\"hidden\" name=\"_wpcf7_locale\" value=\"en_US\" \/><input type=\"hidden\" name=\"_wpcf7_unit_tag\" value=\"wpcf7-f471-o1\" \/><input type=\"hidden\" name=\"_wpcf7_container_post\" value=\"0\" \/><input type=\"hidden\" name=\"_wpcf7_posted_data_hash\" value=\"\" \/>\n<\/fieldset>\n<div class=\"field-row\">\n\t<div class=\"field-col-50\">\n\t\t<p><label class=\"darker-grotesque\">Nom*<\/label><br \/>\n<span class=\"wpcf7-form-control-wrap\" data-name=\"cnt_name\"><input size=\"40\" maxlength=\"400\" class=\"wpcf7-form-control wpcf7-text wpcf7-validates-as-required inter\" aria-required=\"true\" aria-invalid=\"false\" placeholder=\"Entrez votre nom\" value=\"\" type=\"text\" name=\"cnt_name\" \/><\/span>\n\t\t<\/p>\n\t<\/div>\n\t<div class=\"field-col-50\">\n\t\t<p><label class=\"darker-grotesque\">Entreprise<\/label><br \/>\n<span class=\"wpcf7-form-control-wrap\" data-name=\"cnt_company\"><input size=\"40\" maxlength=\"400\" class=\"wpcf7-form-control wpcf7-text inter\" aria-invalid=\"false\" placeholder=\"Quelle est votre entreprise ?\" value=\"\" type=\"text\" name=\"cnt_company\" \/><\/span>\n\t\t<\/p>\n\t<\/div>\n<\/div>\n<div class=\"field-row\">\n\t<div class=\"field-col-50\">\n\t\t<p><label class=\"darker-grotesque\">Courriel*<\/label><br \/>\n<span class=\"wpcf7-form-control-wrap\" data-name=\"cnt_email\"><input size=\"40\" maxlength=\"400\" class=\"wpcf7-form-control wpcf7-email wpcf7-validates-as-required wpcf7-text wpcf7-validates-as-email inter\" aria-required=\"true\" aria-invalid=\"false\" placeholder=\"Saisissez votre adresse \u00e9lectronique\" value=\"\" type=\"email\" name=\"cnt_email\" \/><\/span>\n\t\t<\/p>\n\t<\/div>\n\t<div class=\"field-col-50\">\n\t\t<p><label class=\"darker-grotesque\">Num\u00e9ro de t\u00e9l\u00e9phone*<\/label><br \/>\n<span class=\"wpcf7-form-control-wrap\" data-name=\"cnt_tel\"><input size=\"40\" maxlength=\"400\" class=\"wpcf7-form-control wpcf7-tel wpcf7-validates-as-required wpcf7-text wpcf7-validates-as-tel inter\" aria-required=\"true\" aria-invalid=\"false\" placeholder=\"Entrez votre t\u00e9l\u00e9phone\" value=\"\" type=\"tel\" name=\"cnt_tel\" \/><\/span>\n\t\t<\/p>\n\t<\/div>\n<\/div>\n<div class=\"field-row\">\n\t<div class=\"field-col-100\">\n\t\t<p><label class=\"chivo\">Message*<\/label><br \/>\n<span class=\"wpcf7-form-control-wrap\" data-name=\"cnt_message\"><textarea cols=\"40\" rows=\"10\" maxlength=\"2000\" class=\"wpcf7-form-control wpcf7-textarea wpcf7-validates-as-required chivo\" aria-required=\"true\" aria-invalid=\"false\" placeholder=\"Saisissez votre message\" name=\"cnt_message\"><\/textarea><\/span>\n\t\t<\/p>\n\t<\/div>\n<\/div>\n<div class=\"field-row\">\n\t<div class=\"field-btn-inner\">\n\t\t<p class=\"chivo\">*Obligatoire\n\t\t<\/p>\n\t\t<p><input class=\"wpcf7-form-control wpcf7-submit has-spinner btn-submit\" type=\"submit\" value=\"Soumettre\" \/>\n\t\t<\/p>\n\t<\/div>\n<\/div><div class=\"wpcf7-response-output\" aria-hidden=\"true\"><\/div>\n<input type=\"hidden\" name=\"trp-form-language\" value=\"fr\"\/><\/form>\n<\/div>\n<\/div>\n<\/div>\n<\/div>\n<\/div>\n<\/div>","protected":false},"excerpt":{"rendered":"<p>Contactez-nous N'h\u00e9sitez pas \u00e0 nous contacter en utilisant le formulaire de contact ci-dessous ou en nous appelant au num\u00e9ro indiqu\u00e9. 27 Scott Street West, St. Catharines, Ontario, Canada, L2R 1E1 1-800-263-4790<\/p>","protected":false},"author":3,"featured_media":0,"parent":0,"menu_order":0,"comment_status":"closed","ping_status":"closed","template":"","meta":{"_acf_changed":false,"footnotes":""},"class_list":["post-469","page","type-page","status-publish","hentry"],"blocksy_meta":[],"acf":[],"_links":{"self":[{"href":"https:\/\/gviwine.com\/fr\/wp-json\/wp\/v2\/pages\/469","targetHints":{"allow":["GET"]}}],"collection":[{"href":"https:\/\/gviwine.com\/fr\/wp-json\/wp\/v2\/pages"}],"about":[{"href":"https:\/\/gviwine.com\/fr\/wp-json\/wp\/v2\/types\/page"}],"author":[{"embeddable":true,"href":"https:\/\/gviwine.com\/fr\/wp-json\/wp\/v2\/users\/3"}],"replies":[{"embeddable":true,"href":"https:\/\/gviwine.com\/fr\/wp-json\/wp\/v2\/comments?post=469"}],"version-history":[{"count":29,"href":"https:\/\/gviwine.com\/fr\/wp-json\/wp\/v2\/pages\/469\/revisions"}],"predecessor-version":[{"id":923,"href":"https:\/\/gviwine.com\/fr\/wp-json\/wp\/v2\/pages\/469\/revisions\/923"}],"wp:attachment":[{"href":"https:\/\/gviwine.com\/fr\/wp-json\/wp\/v2\/media?parent=469"}],"curies":[{"name":"wp","href":"https:\/\/api.w.org\/{rel}","templated":true}]}}