{"id":310,"date":"2025-05-17T06:33:25","date_gmt":"2025-05-17T10:33:25","guid":{"rendered":"https:\/\/2e07df4cb6.nxcli.io\/?page_id=310"},"modified":"2025-12-10T04:40:52","modified_gmt":"2025-12-10T09:40:52","slug":"retailer-directory","status":"publish","type":"page","link":"https:\/\/gviwine.com\/fr\/","title":{"rendered":"Annuaire des d\u00e9taillants"},"content":{"rendered":"<section class=\"retailer-directory alignfull\">\n    <div class=\"retailer-directory-row\">\n        <div class=\"directory-welcome\">\n            <div class=\"global-logo\">\n                <img decoding=\"async\" src=\"https:\/\/gviwine.com\/wp-content\/uploads\/2025\/05\/image-4.png\" alt=\"\">\n            <\/div>\n            <div class=\"welcome-copy\">\n                <h1>Connexion du d\u00e9taillant<\/h1>\n                <p>Connectez-vous \u00e0 la section des Ressources pour les d\u00e9taillants de GVI pour acc\u00e9der aux documents marketing et les t\u00e9l\u00e9charger.<br><\/p>\n\n                <div class=\"retailer-signin\">\n                    <span>Vous \u00eates d\u00e9j\u00e0 d\u00e9taillant ?<\/span>\n                    <button class=\"sign-in-btn\" type=\"button\">Se connecter<\/button>\n                <\/div>\n            <\/div>\n        <\/div>\n        <div class=\"directory-visit\">\n            <div class=\"visit-box visit-winexpert\" style=\"background-image: url(https:\/\/gviwine.com\/wp-content\/uploads\/2025\/05\/winexpert-bg.jpg);\">\n                                    <div class=\"visit-logo\">\n                        <img decoding=\"async\" src=\"https:\/\/gviwine.com\/wp-content\/uploads\/2025\/05\/winexpert-logo.svg\" alt=\"\">\n                    <\/div>\n                                <div class=\"visit-copy\">\n                    <p>Visitez winexpert.com\/fr pour d\u00e9couvrir notre gamme compl\u00e8te de trousses de vinification artisanale \u2013 des styles ultra-sup\u00e9rieurs aux boissons rafra\u00eechissantes fruit\u00e9es et amusantes. <\/p>\n                                        <a class=\"visit-btn\" href=\"https:\/\/winexpert.com\/fr\/\">\n                        <span>Visitez Winexpert<\/span>\n                        <svg width=\"17\" height=\"16\" viewbox=\"0 0 17 16\" fill=\"none\" xmlns=\"http:\/\/www.w3.org\/2000\/svg\">\n                            <path d=\"M4 8H13.3333\" stroke=\"black\" stroke-width=\"1.2\" stroke-linejoin=\"round\" \/>\n                            <path d=\"M8.66669 3.33337L13.3334 8.00004L8.66669 12.6667\" stroke=\"black\" stroke-width=\"1.2\" stroke-linejoin=\"round\" \/>\n                        <\/svg>\n                    <\/a>\n                <\/div>\n            <\/div>\n            <div class=\"visit-box visit-vineco\" style=\"background-image: url(https:\/\/gviwine.com\/wp-content\/uploads\/2025\/05\/vineco-bg.jpg);\">\n                                    <div class=\"visit-logo\">\n                        <img decoding=\"async\" src=\"https:\/\/gviwine.com\/wp-content\/uploads\/2025\/05\/vineco-logo.svg\" alt=\"\">\n                    <\/div>\n                                <div class=\"visit-copy\">\n                    <p>Visitez le site web de VineCo pour voir notre liste compl\u00e8te de produits. <br><a href=\"\/fr\/;\/\"><\/a><\/p>\n                                        <a class=\"visit-btn\" href=\"https:\/\/vinecowine.com\/fr\/\">\n                        <span>Visitez VineCo<\/span>\n                        <svg width=\"17\" height=\"16\" viewbox=\"0 0 17 16\" fill=\"none\" xmlns=\"http:\/\/www.w3.org\/2000\/svg\">\n                            <path d=\"M4 8H13.3333\" stroke=\"black\" stroke-width=\"1.2\" stroke-linejoin=\"round\" \/>\n                            <path d=\"M8.66669 3.33337L13.3334 8.00004L8.66669 12.6667\" stroke=\"black\" stroke-width=\"1.2\" stroke-linejoin=\"round\" \/>\n                        <\/svg>\n                    <\/a>\n                <\/div>\n            <\/div>\n        <\/div>\n    <\/div>\n<\/section>\n<div class=\"signin-model\">\n    <div class=\"signin-model-inner\">\n        <div class=\"signin-close-btn\">\n            <img decoding=\"async\" src=\"https:\/\/gviwine.com\/wp-content\/themes\/blocksy-child\/assets\/images\/close-icon.svg\" alt=\"\">\n        <\/div>\n        <div class=\"signin-model-wrap\">\n            <div class=\"signin-popup\">\n                <h3>S'inscrire<\/h3>\n                <form id=\"ajax-login-form\" action=\"\">\n                    <div class=\"form-group\">\n                        <label for=\"username\">Courriel<\/label>\n                        <input type=\"email\" name=\"username\" id=\"username\" placeholder=\"Saisissez votre adresse \u00e9lectronique\">\n                    <\/div>\n                    <div class=\"form-group\">\n                        <label for=\"password\">Mot de passe<\/label>\n                        <input type=\"password\" name=\"password\" id=\"password\" placeholder=\"Entrez votre mot de passe\">\n                    <\/div>\n                    <div class=\"form-group-btn\">\n                        <a href=\"javascript:;\" class=\"reset-password-link\">Mot de passe oubli\u00e9 ?<\/a>\n                        <button class=\"popup-signin-btn\" type=\"submit\">Se connecter<\/button>\n                    <\/div>\n                    <input type=\"hidden\" name=\"action\" value=\"custom_ajax_login\" \/>\n                    <div id=\"ajax-login-message\"><\/div>\n                <input type=\"hidden\" name=\"trp-form-language\" value=\"fr\"\/><\/form>\n\n                <form id=\"ajax-send-password-form\" action=\"\">\n                    <div class=\"form-group\">\n                        <label for=\"username\">Courriel<\/label>\n                        <input type=\"email\" name=\"reset-email\" id=\"reset-email\" placeholder=\"Saisissez votre adresse \u00e9lectronique\">\n                    <\/div>\n                    <div class=\"form-group-btn\">\n                        <a href=\"javascript:;\" class=\"cancel-password-link\">Annuler<\/a>\n                        <button class=\"popup-signin-btn send-pass-btn\" type=\"submit\">R\u00e9initialiser le mot de passe<\/button>\n                    <\/div>\n                    <div id=\"ajax-send-password-status\" data-no-translation><\/div>\n                <input type=\"hidden\" name=\"trp-form-language\" value=\"fr\"\/><\/form>\n                <div class=\"signin-popup-bottom\">\n                    <p>Vous n'avez pas de compte ? <\/p>\n                    <a class=\"popup-contact-us\" href=\"https:\/\/gviwine.com\/fr\/contact-us\/\">Nous contacter<\/a>\n                <\/div>\n            <\/div>\n        <\/div>\n    <\/div>\n    <div class=\"signin-bg-overlay\"><\/div>\n<\/div>","protected":false},"excerpt":{"rendered":"","protected":false},"author":3,"featured_media":0,"parent":0,"menu_order":0,"comment_status":"closed","ping_status":"closed","template":"","meta":{"_acf_changed":false,"footnotes":""},"class_list":["post-310","page","type-page","status-publish","hentry"],"blocksy_meta":[],"acf":[],"_links":{"self":[{"href":"https:\/\/gviwine.com\/fr\/wp-json\/wp\/v2\/pages\/310","targetHints":{"allow":["GET"]}}],"collection":[{"href":"https:\/\/gviwine.com\/fr\/wp-json\/wp\/v2\/pages"}],"about":[{"href":"https:\/\/gviwine.com\/fr\/wp-json\/wp\/v2\/types\/page"}],"author":[{"embeddable":true,"href":"https:\/\/gviwine.com\/fr\/wp-json\/wp\/v2\/users\/3"}],"replies":[{"embeddable":true,"href":"https:\/\/gviwine.com\/fr\/wp-json\/wp\/v2\/comments?post=310"}],"version-history":[{"count":16,"href":"https:\/\/gviwine.com\/fr\/wp-json\/wp\/v2\/pages\/310\/revisions"}],"predecessor-version":[{"id":970,"href":"https:\/\/gviwine.com\/fr\/wp-json\/wp\/v2\/pages\/310\/revisions\/970"}],"wp:attachment":[{"href":"https:\/\/gviwine.com\/fr\/wp-json\/wp\/v2\/media?parent=310"}],"curies":[{"name":"wp","href":"https:\/\/api.w.org\/{rel}","templated":true}]}}